{"id":8178,"date":"2025-05-01T13:23:16","date_gmt":"2025-05-01T11:23:16","guid":{"rendered":"https:\/\/www.immolahaye.nl\/?page_id=8178"},"modified":"2025-05-01T14:16:11","modified_gmt":"2025-05-01T12:16:11","slug":"blog","status":"publish","type":"page","link":"https:\/\/www.immolahaye.nl\/fr\/blog\/","title":{"rendered":"Blog"},"content":{"rendered":"\t\t<div data-elementor-type=\"wp-page\" data-elementor-id=\"8178\" class=\"elementor elementor-8178 elementor-8163\" data-elementor-post-type=\"page\">\n\t\t\t\t\t\t<section class=\"elementor-section elementor-top-section elementor-element elementor-element-44aa84d rey-section-stretched rey-section-bg--classic elementor-section-boxed elementor-section-height-default elementor-section-height-default\" data-id=\"44aa84d\" data-element_type=\"section\" data-settings=\"{&quot;background_background&quot;:&quot;classic&quot;}\">\n\t\t\t\t\t\t\t<div class=\"elementor-background-overlay\"><\/div>\n\t\t\t\t\t\t\t<div class=\"elementor-container elementor-column-gap-default\">\n\t\t\t\t\t<div class=\"elementor-column elementor-col-100 elementor-top-column elementor-element elementor-element-5ae6ce8\" data-id=\"5ae6ce8\" data-element_type=\"column\">\n\t\t\t<div class=\"elementor-column-wrap--5ae6ce8 elementor-widget-wrap elementor-element-populated\">\n\t\t\t\t\t\t<div class=\"elementor-element elementor-element-0150a1d elementor-widget__width-initial elementor-widget elementor-widget-heading\" data-id=\"0150a1d\" data-element_type=\"widget\" data-widget_type=\"heading.default\">\n\t\t\t\t<div class=\"elementor-widget-container\">\n\t\t\t\t\t<h1 class=\"elementor-heading-title elementor-size-default\">Blog<\/h1>\t\t\t\t<\/div>\n\t\t\t\t<\/div>\n\t\t\t\t<div class=\"elementor-element elementor-element-4fe3e5c elementor-widget elementor-widget-spacer\" data-id=\"4fe3e5c\" data-element_type=\"widget\" data-widget_type=\"spacer.default\">\n\t\t\t\t<div class=\"elementor-widget-container\">\n\t\t\t\t\t\t\t<div class=\"elementor-spacer\">\n\t\t\t<div class=\"elementor-spacer-inner\"><\/div>\n\t\t<\/div>\n\t\t\t\t\t\t<\/div>\n\t\t\t\t<\/div>\n\t\t\t\t<div class=\"elementor-element elementor-element-14a57ff elementor-widget elementor-widget-spacer\" data-id=\"14a57ff\" data-element_type=\"widget\" data-widget_type=\"spacer.default\">\n\t\t\t\t<div class=\"elementor-widget-container\">\n\t\t\t\t\t\t\t<div class=\"elementor-spacer\">\n\t\t\t<div class=\"elementor-spacer-inner\"><\/div>\n\t\t<\/div>\n\t\t\t\t\t\t<\/div>\n\t\t\t\t<\/div>\n\t\t\t\t\t<\/div>\n\t\t<\/div>\n\t\t\t\t\t<\/div>\n\t\t<\/section>\n\t\t\t\t<section class=\"elementor-section elementor-top-section elementor-element elementor-element-eb78765 elementor-section-boxed elementor-section-height-default elementor-section-height-default\" data-id=\"eb78765\" data-element_type=\"section\">\n\t\t\t\t\t\t<div class=\"elementor-container elementor-column-gap-default\">\n\t\t\t\t\t<div class=\"elementor-column elementor-col-100 elementor-top-column elementor-element elementor-element-56d022e\" data-id=\"56d022e\" data-element_type=\"column\">\n\t\t\t<div class=\"elementor-column-wrap--56d022e elementor-widget-wrap elementor-element-populated\">\n\t\t\t\t\t\t<div class=\"elementor-element elementor-element-84e76bd elementor-grid-3 elementor-grid-tablet-2 elementor-grid-mobile-1 elementor-widget elementor-widget-loop-grid\" data-id=\"84e76bd\" data-element_type=\"widget\" data-settings=\"{&quot;template_id&quot;:8143,&quot;pagination_type&quot;:&quot;prev_next&quot;,&quot;_skin&quot;:&quot;post&quot;,&quot;columns&quot;:&quot;3&quot;,&quot;columns_tablet&quot;:&quot;2&quot;,&quot;columns_mobile&quot;:&quot;1&quot;,&quot;edit_handle_selector&quot;:&quot;[data-elementor-type=\\&quot;loop-item\\&quot;]&quot;,&quot;pagination_load_type&quot;:&quot;page_reload&quot;,&quot;row_gap&quot;:{&quot;unit&quot;:&quot;px&quot;,&quot;size&quot;:&quot;&quot;,&quot;sizes&quot;:[]},&quot;row_gap_tablet&quot;:{&quot;unit&quot;:&quot;px&quot;,&quot;size&quot;:&quot;&quot;,&quot;sizes&quot;:[]},&quot;row_gap_mobile&quot;:{&quot;unit&quot;:&quot;px&quot;,&quot;size&quot;:&quot;&quot;,&quot;sizes&quot;:[]}}\" data-widget_type=\"loop-grid.post\">\n\t\t\t\t<div class=\"elementor-widget-container\">\n\t\t\t\t\t\t\t<div class=\"elementor-loop-container elementor-grid\">\n\t\t<style id=\"loop-8143\">.elementor-8143 .elementor-element.elementor-element-98e0cc5:not(.elementor-motion-effects-element-type-background) > .elementor-widget-wrap, .elementor-8143 .elementor-element.elementor-element-98e0cc5 > .elementor-widget-wrap > .elementor-motion-effects-container > .elementor-motion-effects-layer{background-color:#EFEFEF;}.elementor-8143 .elementor-element.elementor-element-98e0cc5 > .elementor-element-populated{border-style:solid;border-color:#D1D1D1;transition:background 0.3s, border 0.3s, border-radius 0.3s, box-shadow 0.3s;margin:0px 0px 0px 0px;--e-column-margin-right:0px;--e-column-margin-left:0px;padding:10px 10px 0px 10px;}.elementor-8143 .elementor-element.elementor-element-98e0cc5 > .elementor-element-populated > .elementor-background-overlay{transition:background 0.3s, border-radius 0.3s, opacity 0.3s;}.elementor-widget-heading .elementor-heading-title{font-family:var( --e-global-typography-primary-font-family ), Sans-serif;font-weight:var( --e-global-typography-primary-font-weight );color:var( --e-global-color-primary );}.elementor-8143 .elementor-element.elementor-element-02f1b3d{width:auto;max-width:auto;top:21px;}.elementor-8143 .elementor-element.elementor-element-02f1b3d > .elementor-widget-container{background-color:var( --e-global-color-accent );padding:10px 10px 10px 10px;}body:not(.rtl) .elementor-8143 .elementor-element.elementor-element-02f1b3d{right:0px;}body.rtl .elementor-8143 .elementor-element.elementor-element-02f1b3d{left:0px;}.elementor-8143 .elementor-element.elementor-element-02f1b3d .elementor-heading-title{font-family:\"Hurme Geometric\", Sans-serif;font-size:20px;font-weight:600;color:#FFFFFF;}.elementor-8143 .elementor-element.elementor-element-8dbe6bf{width:auto;max-width:auto;top:73px;}.elementor-8143 .elementor-element.elementor-element-8dbe6bf > .elementor-widget-container{background-color:var( --e-global-color-accent );padding:10px 10px 10px 10px;}body:not(.rtl) .elementor-8143 .elementor-element.elementor-element-8dbe6bf{left:0px;}body.rtl .elementor-8143 .elementor-element.elementor-element-8dbe6bf{right:0px;}.elementor-8143 .elementor-element.elementor-element-8dbe6bf .elementor-heading-title{font-family:\"Hurme Geometric\", Sans-serif;font-size:20px;font-weight:600;color:#FFFFFF;}.elementor-widget-image .widget-image-caption{color:var( --e-global-color-text );font-family:var( --e-global-typography-text-font-family ), Sans-serif;font-weight:var( --e-global-typography-text-font-weight );}.elementor-8143 .elementor-element.elementor-element-78e693e > .elementor-widget-container{margin:-10px -10px -10px -10px;}.elementor-8143 .elementor-element.elementor-element-78e693e img{height:228px;object-fit:cover;object-position:center center;}.elementor-widget-theme-post-title .elementor-heading-title{font-family:var( --e-global-typography-primary-font-family ), Sans-serif;font-weight:var( --e-global-typography-primary-font-weight );color:var( --e-global-color-primary );}.elementor-8143 .elementor-element.elementor-element-0e544bf{width:auto;max-width:auto;flex-grow:1;}.elementor-8143 .elementor-element.elementor-element-0e544bf > .elementor-widget-container{background-color:#FFFFFF;margin:-35px 0px 0px 0px;padding:10px 10px 10px 10px;}.elementor-widget-theme-post-excerpt .elementor-widget-container{color:var( --e-global-color-text );font-family:var( --e-global-typography-text-font-family ), Sans-serif;font-weight:var( --e-global-typography-text-font-weight );}.elementor-8143 .elementor-element.elementor-element-9284a61 .elementor-widget-container{font-family:\"Open Sans__\", Sans-serif;font-size:15px;font-weight:400;}.elementor-widget-button .elementor-button{background-color:var( --e-global-color-accent );font-family:var( --e-global-typography-accent-font-family ), Sans-serif;font-weight:var( --e-global-typography-accent-font-weight );}.elementor-8143 .elementor-element.elementor-element-20bf76d .elementor-button:hover, .elementor-8143 .elementor-element.elementor-element-20bf76d .elementor-button:focus{background-color:var( --e-global-color-618da5f );}.elementor-8143 .elementor-element.elementor-element-20bf76d > .elementor-widget-container{margin:0px 0px 20px 0px;}.elementor-8143 .elementor-element.elementor-element-20bf76d .elementor-button{fill:#FFFFFF;color:#FFFFFF;}.elementor-8143 .elementor-element.elementor-element-02f1b3d{\n    display: none\n}\n.elementor-8143 .elementor-element.elementor-element-8dbe6bf{\n    display: none;\n}\n.Verlaagd{\n    display:block!important;\n}\n.elementor-8143 .elementor-element.elementor-element-9284a61 {min-height:180px;}<\/style>\t\t<div data-elementor-type=\"loop-item\" data-elementor-id=\"8143\" class=\"elementor elementor-8143 e-loop-item e-loop-item-8161 post-8161 post type-post status-publish format-standard has-post-thumbnail hentry category-blog-3\" data-elementor-post-type=\"elementor_library\" data-custom-edit-handle=\"1\">\n\t\t\t\t\t<section class=\"elementor-section elementor-top-section elementor-element elementor-element-6276380 elementor-section-boxed elementor-section-height-default elementor-section-height-default\" data-id=\"6276380\" data-element_type=\"section\">\n\t\t\t\t\t\t<div class=\"elementor-container elementor-column-gap-default\">\n\t\t\t\t\t<div data-column-link=\"{&quot;url&quot;:&quot;https:\\\/\\\/www.immolahaye.nl\\\/fr\\\/rever-dune-residence-secundaire-en-france-combien-ca-coute-a-quoi-faut-il-faire-attention\\\/&quot;,&quot;target&quot;:&quot;_blank&quot;}\" class=\"elementor-column elementor-col-100 elementor-top-column elementor-element elementor-element-98e0cc5 rey-colbg--classic\" data-id=\"98e0cc5\" data-element_type=\"column\" data-settings=\"{&quot;background_background&quot;:&quot;classic&quot;}\">\n\t\t\t<div class=\"elementor-column-wrap--98e0cc5 elementor-widget-wrap elementor-element-populated\">\n\t\t\t\t\t\t<div class=\"elementor-element elementor-element-02f1b3d elementor-widget__width-auto elementor-absolute elementor-widget elementor-widget-heading\" data-id=\"02f1b3d\" data-element_type=\"widget\" data-settings=\"{&quot;_position&quot;:&quot;absolute&quot;}\" data-widget_type=\"heading.default\">\n\t\t\t\t<div class=\"elementor-widget-container\">\n\t\t\t\t\t<p class=\"elementor-heading-title elementor-size-default\">Verkocht<\/p>\t\t\t\t<\/div>\n\t\t\t\t<\/div>\n\t\t\t\t<div class=\"elementor-element elementor-element-8dbe6bf elementor-widget__width-auto elementor-absolute elementor-widget elementor-widget-heading\" data-id=\"8dbe6bf\" data-element_type=\"widget\" data-settings=\"{&quot;_position&quot;:&quot;absolute&quot;}\" data-widget_type=\"heading.default\">\n\t\t\t\t<div class=\"elementor-widget-container\">\n\t\t\t\t\t<p class=\"elementor-heading-title elementor-size-default\">Verlaagd in prijs<\/p>\t\t\t\t<\/div>\n\t\t\t\t<\/div>\n\t\t\t\t<div class=\"elementor-element elementor-element-78e693e elementor-widget elementor-widget-image\" data-id=\"78e693e\" data-element_type=\"widget\" data-widget_type=\"image.default\">\n\t\t\t\t<div class=\"elementor-widget-container\">\n\t\t\t\t\t\t\t\t\t\t\t\t\t\t\t<img fetchpriority=\"high\" decoding=\"async\" width=\"480\" height=\"640\" src=\"https:\/\/www.immolahaye.nl\/wp-content\/uploads\/2025\/03\/foto-le-Chat-18.jpg\" class=\"attachment-large size-large wp-image-8018\" alt=\"\" srcset=\"https:\/\/www.immolahaye.nl\/wp-content\/uploads\/2025\/03\/foto-le-Chat-18.jpg 480w, https:\/\/www.immolahaye.nl\/wp-content\/uploads\/2025\/03\/foto-le-Chat-18-225x300.jpg 225w\" sizes=\"(max-width: 480px) 100vw, 480px\" \/>\t\t\t\t\t\t\t\t\t\t\t\t\t\t\t<\/div>\n\t\t\t\t<\/div>\n\t\t\t\t<div class=\"elementor-element elementor-element-0e544bf elementor-widget__width-auto elementor-widget elementor-widget-theme-post-title elementor-page-title elementor-widget-heading\" data-id=\"0e544bf\" data-element_type=\"widget\" data-widget_type=\"theme-post-title.default\">\n\t\t\t\t<div class=\"elementor-widget-container\">\n\t\t\t\t\t<h4 class=\"elementor-heading-title elementor-size-default\">R\u00eaver d&rsquo;une r\u00e9sidence secundaire en France : combien \u00e7a co\u00fbte, \u00e0 quoi faut-il faire attention ?<\/h4>\t\t\t\t<\/div>\n\t\t\t\t<\/div>\n\t\t\t\t<div class=\"elementor-element elementor-element-9284a61 elementor-widget elementor-widget-theme-post-excerpt\" data-id=\"9284a61\" data-element_type=\"widget\" data-widget_type=\"theme-post-excerpt.default\">\n\t\t\t\t<div class=\"elementor-widget-container\">\n\t\t\t\t\t<p>Une maison de vacances en France \u2013 pour beaucoup, cela ressemble \u00e0 un r\u00eave. Un vieux mas \u00e0 la campagne, une villa ensoleill\u00e9e en Provence...\t\t\t\t<\/div>\n\t\t\t\t<\/div>\n\t\t\t\t<div class=\"elementor-element elementor-element-20bf76d elementor-align-right elementor-widget elementor-widget-button\" data-id=\"20bf76d\" data-element_type=\"widget\" data-widget_type=\"button.default\">\n\t\t\t\t<div class=\"elementor-widget-container\">\n\t\t\t\t\t\t\t\t\t<div class=\"elementor-button-wrapper\">\n\t\t\t\t\t<a class=\"elementor-button elementor-button-link elementor-size-sm\" href=\"https:\/\/www.immolahaye.nl\/fr\/rever-dune-residence-secundaire-en-france-combien-ca-coute-a-quoi-faut-il-faire-attention\/\">\n\t\t\t\t\t\t<span class=\"elementor-button-content-wrapper\">\n\t\t\t\t\t\t<span class=\"elementor-button-icon\">\n\t\t\t\t<i aria-hidden=\"true\" class=\"fas fa-arrow-circle-right\"><\/i>\t\t\t<\/span>\n\t\t\t\t\t\t\t\t<\/span>\n\t\t\t\t\t<\/a>\n\t\t\t\t<\/div>\n\t\t\t\t\t\t\t\t<\/div>\n\t\t\t\t<\/div>\n\t\t\t\t\t<\/div>\n\t\t<\/div>\n\t\t\t\t\t<\/div>\n\t\t<\/section>\n\t\t\t\t<\/div>\n\t\t\t\t<\/div>\n\t\t\n\t\t\t\t\t\t<\/div>\n\t\t\t\t<\/div>\n\t\t\t\t\t<\/div>\n\t\t<\/div>\n\t\t\t\t\t<\/div>\n\t\t<\/section>\n\t\t\t\t<section class=\"elementor-section elementor-top-section elementor-element elementor-element-c7a3dd8 rey-section-stretched rey-section-bg--classic elementor-section-boxed elementor-section-height-default elementor-section-height-default\" data-id=\"c7a3dd8\" data-element_type=\"section\" data-settings=\"{&quot;background_background&quot;:&quot;classic&quot;}\">\n\t\t\t\t\t\t\t<div class=\"elementor-background-overlay\"><\/div>\n\t\t\t\t\t\t\t<div class=\"elementor-container elementor-column-gap-default\">\n\t\t\t\t\t<div class=\"elementor-column elementor-col-50 elementor-top-column elementor-element elementor-element-0999b10\" data-id=\"0999b10\" data-element_type=\"column\">\n\t\t\t<div class=\"elementor-column-wrap--0999b10 elementor-widget-wrap elementor-element-populated\">\n\t\t\t\t\t\t<div class=\"elementor-element elementor-element-4843a0a elementor-widget__width-initial elementor-widget elementor-widget-heading\" data-id=\"4843a0a\" data-element_type=\"widget\" data-widget_type=\"heading.default\">\n\t\t\t\t<div class=\"elementor-widget-container\">\n\t\t\t\t\t<h1 class=\"elementor-heading-title elementor-size-default\">Vind uw droomwoning<\/h1>\t\t\t\t<\/div>\n\t\t\t\t<\/div>\n\t\t\t\t<div class=\"elementor-element elementor-element-5f6be63 elementor-widget elementor-widget-spacer\" data-id=\"5f6be63\" data-element_type=\"widget\" data-widget_type=\"spacer.default\">\n\t\t\t\t<div class=\"elementor-widget-container\">\n\t\t\t\t\t\t\t<div class=\"elementor-spacer\">\n\t\t\t<div class=\"elementor-spacer-inner\"><\/div>\n\t\t<\/div>\n\t\t\t\t\t\t<\/div>\n\t\t\t\t<\/div>\n\t\t\t\t<div class=\"elementor-element elementor-element-86a3492 elementor-widget__width-initial elementor-widget elementor-widget-text-editor\" data-id=\"86a3492\" data-element_type=\"widget\" data-widget_type=\"text-editor.default\">\n\t\t\t\t<div class=\"elementor-widget-container\">\n\t\t\t\t\t\t\t\t\tEen huis kopen is een heel proces, zeker als dit een huis in het buitenland betreft. De taal, andere cultuur en wetgeving brengen extra uitdagingen met zich mee.\t\t\t\t\t\t\t\t<\/div>\n\t\t\t\t<\/div>\n\t\t\t\t<div class=\"elementor-element elementor-element-7dfa4f4 elementor-widget elementor-widget-spacer\" data-id=\"7dfa4f4\" data-element_type=\"widget\" data-widget_type=\"spacer.default\">\n\t\t\t\t<div class=\"elementor-widget-container\">\n\t\t\t\t\t\t\t<div class=\"elementor-spacer\">\n\t\t\t<div class=\"elementor-spacer-inner\"><\/div>\n\t\t<\/div>\n\t\t\t\t\t\t<\/div>\n\t\t\t\t<\/div>\n\t\t\t\t<div class=\"elementor-element elementor-element-a08f4cb elementor-widget__width-auto elementor-widget elementor-widget-button\" data-id=\"a08f4cb\" data-element_type=\"widget\" data-widget_type=\"button.default\">\n\t\t\t\t<div class=\"elementor-widget-container\">\n\t\t\t\t\t\t\t\t\t<div class=\"elementor-button-wrapper\">\n\t\t\t\t\t<a class=\"elementor-button elementor-button-link elementor-size-sm\" href=\"https:\/\/www.immolahaye.nl\/woningen\/\">\n\t\t\t\t\t\t<span class=\"elementor-button-content-wrapper\">\n\t\t\t\t\t\t\t\t\t<span class=\"elementor-button-text\">Bekijk het aanbod<\/span>\n\t\t\t\t\t<\/span>\n\t\t\t\t\t<\/a>\n\t\t\t\t<\/div>\n\t\t\t\t\t\t\t\t<\/div>\n\t\t\t\t<\/div>\n\t\t\t\t\t<\/div>\n\t\t<\/div>\n\t\t\t\t<div class=\"elementor-column elementor-col-50 elementor-top-column elementor-element elementor-element-f467f3f\" data-id=\"f467f3f\" data-element_type=\"column\">\n\t\t\t<div class=\"elementor-column-wrap--f467f3f elementor-widget-wrap elementor-element-populated\">\n\t\t\t\t\t\t<div class=\"elementor-element elementor-element-a45f57d elementor-widget elementor-widget-shortcode\" data-id=\"a45f57d\" data-element_type=\"widget\" data-widget_type=\"shortcode.default\">\n\t\t\t\t<div class=\"elementor-widget-container\">\n\t\t\t\t\t\t\t<div class=\"elementor-shortcode\"><div class='_form_1'><\/div><script type='text\/javascript' src='https:\/\/immolahaye.activehosted.com\/f\/embed.php?static=0&id=1&69E03167EAC0F&nostyles=0&preview=0'><\/script><\/div>\n\t\t\t\t\t\t<\/div>\n\t\t\t\t<\/div>\n\t\t\t\t\t<\/div>\n\t\t<\/div>\n\t\t\t\t\t<\/div>\n\t\t<\/section>\n\t\t\t\t<\/div>\n\t\t","protected":false},"excerpt":{"rendered":"<p>Blog Vind uw droomwoning Een huis kopen is een heel proces, zeker als dit een huis in het buitenland betreft. De taal, andere cultuur en wetgeving brengen extra uitdagingen met zich mee. Bekijk het aanbod<\/p>\n","protected":false},"author":1,"featured_media":0,"parent":0,"menu_order":0,"comment_status":"closed","ping_status":"closed","template":"","meta":{"_acf_changed":false,"footnotes":""},"class_list":["post-8178","page","type-page","status-publish","hentry"],"acf":[],"yoast_head":"<!-- This site is optimized with the Yoast SEO plugin v25.0 - https:\/\/yoast.com\/wordpress\/plugins\/seo\/ -->\n<title>Blog - Immo La Haye<\/title>\n<meta name=\"robots\" content=\"index, follow, max-snippet:-1, max-image-preview:large, max-video-preview:-1\" \/>\n<link rel=\"canonical\" href=\"https:\/\/www.immolahaye.nl\/blog\/\" \/>\n<meta property=\"og:locale\" content=\"fr_FR\" \/>\n<meta property=\"og:type\" content=\"article\" \/>\n<meta property=\"og:title\" content=\"Blog - Immo La Haye\" \/>\n<meta property=\"og:description\" content=\"Blog Vind uw droomwoning Een huis kopen is een heel proces, zeker als dit een huis in het buitenland betreft. De taal, andere cultuur en wetgeving brengen extra uitdagingen met zich mee. Bekijk het aanbod\" \/>\n<meta property=\"og:url\" content=\"https:\/\/www.immolahaye.nl\/blog\/\" \/>\n<meta property=\"og:site_name\" content=\"Immo La Haye\" \/>\n<meta property=\"article:modified_time\" content=\"2025-05-01T12:16:11+00:00\" \/>\n<meta name=\"twitter:card\" content=\"summary_large_image\" \/>\n<meta name=\"twitter:label1\" content=\"Dur\u00e9e de lecture estim\u00e9e\" \/>\n\t<meta name=\"twitter:data1\" content=\"2 minutes\" \/>\n<script type=\"application\/ld+json\" class=\"yoast-schema-graph\">{\"@context\":\"https:\/\/schema.org\",\"@graph\":[{\"@type\":\"WebPage\",\"@id\":\"https:\/\/www.immolahaye.nl\/blog\/\",\"url\":\"https:\/\/www.immolahaye.nl\/blog\/\",\"name\":\"Blog - Immo La Haye\",\"isPartOf\":{\"@id\":\"https:\/\/www.immolahaye.nl\/#website\"},\"datePublished\":\"2025-05-01T11:23:16+00:00\",\"dateModified\":\"2025-05-01T12:16:11+00:00\",\"breadcrumb\":{\"@id\":\"https:\/\/www.immolahaye.nl\/blog\/#breadcrumb\"},\"inLanguage\":\"fr-FR\",\"potentialAction\":[{\"@type\":\"ReadAction\",\"target\":[\"https:\/\/www.immolahaye.nl\/blog\/\"]}]},{\"@type\":\"BreadcrumbList\",\"@id\":\"https:\/\/www.immolahaye.nl\/blog\/#breadcrumb\",\"itemListElement\":[{\"@type\":\"ListItem\",\"position\":1,\"name\":\"Home\",\"item\":\"https:\/\/www.immolahaye.nl\/fr\/\"},{\"@type\":\"ListItem\",\"position\":2,\"name\":\"Blog\"}]},{\"@type\":\"WebSite\",\"@id\":\"https:\/\/www.immolahaye.nl\/#website\",\"url\":\"https:\/\/www.immolahaye.nl\/\",\"name\":\"Immo La Haye\",\"description\":\"Vastgoedbemiddeling en juridisch advies in Frankrijk\",\"publisher\":{\"@id\":\"https:\/\/www.immolahaye.nl\/#organization\"},\"potentialAction\":[{\"@type\":\"SearchAction\",\"target\":{\"@type\":\"EntryPoint\",\"urlTemplate\":\"https:\/\/www.immolahaye.nl\/?s={search_term_string}\"},\"query-input\":{\"@type\":\"PropertyValueSpecification\",\"valueRequired\":true,\"valueName\":\"search_term_string\"}}],\"inLanguage\":\"fr-FR\"},{\"@type\":\"Organization\",\"@id\":\"https:\/\/www.immolahaye.nl\/#organization\",\"name\":\"Immo La Haye\",\"url\":\"https:\/\/www.immolahaye.nl\/\",\"logo\":{\"@type\":\"ImageObject\",\"inLanguage\":\"fr-FR\",\"@id\":\"https:\/\/www.immolahaye.nl\/#\/schema\/logo\/image\/\",\"url\":\"https:\/\/www.immolahaye.nl\/wp-content\/uploads\/2023\/01\/Logo-Immo-la-Haye-slogan_FC.svg\",\"contentUrl\":\"https:\/\/www.immolahaye.nl\/wp-content\/uploads\/2023\/01\/Logo-Immo-la-Haye-slogan_FC.svg\",\"caption\":\"Immo La Haye\"},\"image\":{\"@id\":\"https:\/\/www.immolahaye.nl\/#\/schema\/logo\/image\/\"}}]}<\/script>\n<!-- \/ Yoast SEO plugin. -->","yoast_head_json":{"title":"Blog - Immo La Haye","robots":{"index":"index","follow":"follow","max-snippet":"max-snippet:-1","max-image-preview":"max-image-preview:large","max-video-preview":"max-video-preview:-1"},"canonical":"https:\/\/www.immolahaye.nl\/blog\/","og_locale":"fr_FR","og_type":"article","og_title":"Blog - Immo La Haye","og_description":"Blog Vind uw droomwoning Een huis kopen is een heel proces, zeker als dit een huis in het buitenland betreft. De taal, andere cultuur en wetgeving brengen extra uitdagingen met zich mee. Bekijk het aanbod","og_url":"https:\/\/www.immolahaye.nl\/blog\/","og_site_name":"Immo La Haye","article_modified_time":"2025-05-01T12:16:11+00:00","twitter_card":"summary_large_image","twitter_misc":{"Dur\u00e9e de lecture estim\u00e9e":"2 minutes"},"schema":{"@context":"https:\/\/schema.org","@graph":[{"@type":"WebPage","@id":"https:\/\/www.immolahaye.nl\/blog\/","url":"https:\/\/www.immolahaye.nl\/blog\/","name":"Blog - Immo La Haye","isPartOf":{"@id":"https:\/\/www.immolahaye.nl\/#website"},"datePublished":"2025-05-01T11:23:16+00:00","dateModified":"2025-05-01T12:16:11+00:00","breadcrumb":{"@id":"https:\/\/www.immolahaye.nl\/blog\/#breadcrumb"},"inLanguage":"fr-FR","potentialAction":[{"@type":"ReadAction","target":["https:\/\/www.immolahaye.nl\/blog\/"]}]},{"@type":"BreadcrumbList","@id":"https:\/\/www.immolahaye.nl\/blog\/#breadcrumb","itemListElement":[{"@type":"ListItem","position":1,"name":"Home","item":"https:\/\/www.immolahaye.nl\/fr\/"},{"@type":"ListItem","position":2,"name":"Blog"}]},{"@type":"WebSite","@id":"https:\/\/www.immolahaye.nl\/#website","url":"https:\/\/www.immolahaye.nl\/","name":"Immo La Haye","description":"Vastgoedbemiddeling en juridisch advies in Frankrijk","publisher":{"@id":"https:\/\/www.immolahaye.nl\/#organization"},"potentialAction":[{"@type":"SearchAction","target":{"@type":"EntryPoint","urlTemplate":"https:\/\/www.immolahaye.nl\/?s={search_term_string}"},"query-input":{"@type":"PropertyValueSpecification","valueRequired":true,"valueName":"search_term_string"}}],"inLanguage":"fr-FR"},{"@type":"Organization","@id":"https:\/\/www.immolahaye.nl\/#organization","name":"Immo La Haye","url":"https:\/\/www.immolahaye.nl\/","logo":{"@type":"ImageObject","inLanguage":"fr-FR","@id":"https:\/\/www.immolahaye.nl\/#\/schema\/logo\/image\/","url":"https:\/\/www.immolahaye.nl\/wp-content\/uploads\/2023\/01\/Logo-Immo-la-Haye-slogan_FC.svg","contentUrl":"https:\/\/www.immolahaye.nl\/wp-content\/uploads\/2023\/01\/Logo-Immo-la-Haye-slogan_FC.svg","caption":"Immo La Haye"},"image":{"@id":"https:\/\/www.immolahaye.nl\/#\/schema\/logo\/image\/"}}]}},"_links":{"self":[{"href":"https:\/\/www.immolahaye.nl\/fr\/wp-json\/wp\/v2\/pages\/8178","targetHints":{"allow":["GET"]}}],"collection":[{"href":"https:\/\/www.immolahaye.nl\/fr\/wp-json\/wp\/v2\/pages"}],"about":[{"href":"https:\/\/www.immolahaye.nl\/fr\/wp-json\/wp\/v2\/types\/page"}],"author":[{"embeddable":true,"href":"https:\/\/www.immolahaye.nl\/fr\/wp-json\/wp\/v2\/users\/1"}],"replies":[{"embeddable":true,"href":"https:\/\/www.immolahaye.nl\/fr\/wp-json\/wp\/v2\/comments?post=8178"}],"version-history":[{"count":7,"href":"https:\/\/www.immolahaye.nl\/fr\/wp-json\/wp\/v2\/pages\/8178\/revisions"}],"predecessor-version":[{"id":8185,"href":"https:\/\/www.immolahaye.nl\/fr\/wp-json\/wp\/v2\/pages\/8178\/revisions\/8185"}],"wp:attachment":[{"href":"https:\/\/www.immolahaye.nl\/fr\/wp-json\/wp\/v2\/media?parent=8178"}],"curies":[{"name":"wp","href":"https:\/\/api.w.org\/{rel}","templated":true}]}}