{"id":3299,"date":"2023-01-15T14:55:54","date_gmt":"2023-01-15T13:55:54","guid":{"rendered":"https:\/\/www.immolahaye.nl\/a-propos-de-nous\/"},"modified":"2024-07-09T14:45:39","modified_gmt":"2024-07-09T12:45:39","slug":"a-propos-de-nous","status":"publish","type":"page","link":"https:\/\/www.immolahaye.nl\/fr\/a-propos-de-nous\/","title":{"rendered":"\u00c0 propos de nous"},"content":{"rendered":"\t\t<div data-elementor-type=\"wp-page\" data-elementor-id=\"3299\" class=\"elementor elementor-3299 elementor-376\" data-elementor-post-type=\"page\">\n\t\t\t\t\t\t<section class=\"elementor-section elementor-top-section elementor-element elementor-element-44aa84d rey-section-stretched rey-section-bg--classic elementor-section-boxed elementor-section-height-default elementor-section-height-default\" data-id=\"44aa84d\" data-element_type=\"section\" data-settings=\"{&quot;background_background&quot;:&quot;classic&quot;}\">\n\t\t\t\t\t\t\t<div class=\"elementor-background-overlay\"><\/div>\n\t\t\t\t\t\t\t<div class=\"elementor-container elementor-column-gap-default\">\n\t\t\t\t\t<div class=\"elementor-column elementor-col-100 elementor-top-column elementor-element elementor-element-5ae6ce8\" data-id=\"5ae6ce8\" data-element_type=\"column\">\n\t\t\t<div class=\"elementor-column-wrap--5ae6ce8 elementor-widget-wrap elementor-element-populated\">\n\t\t\t\t\t\t<div class=\"elementor-element elementor-element-0150a1d elementor-widget__width-initial elementor-widget elementor-widget-heading\" data-id=\"0150a1d\" data-element_type=\"widget\" data-widget_type=\"heading.default\">\n\t\t\t\t<div class=\"elementor-widget-container\">\n\t\t\t\t\t<h1 class=\"elementor-heading-title elementor-size-default\">\u00c0 propos de Immo La Haye<\/h1>\t\t\t\t<\/div>\n\t\t\t\t<\/div>\n\t\t\t\t<div class=\"elementor-element elementor-element-4fe3e5c elementor-widget elementor-widget-spacer\" data-id=\"4fe3e5c\" data-element_type=\"widget\" data-widget_type=\"spacer.default\">\n\t\t\t\t<div class=\"elementor-widget-container\">\n\t\t\t\t\t\t\t<div class=\"elementor-spacer\">\n\t\t\t<div class=\"elementor-spacer-inner\"><\/div>\n\t\t<\/div>\n\t\t\t\t\t\t<\/div>\n\t\t\t\t<\/div>\n\t\t\t\t<div class=\"elementor-element elementor-element-14a57ff elementor-widget elementor-widget-spacer\" data-id=\"14a57ff\" data-element_type=\"widget\" data-widget_type=\"spacer.default\">\n\t\t\t\t<div class=\"elementor-widget-container\">\n\t\t\t\t\t\t\t<div class=\"elementor-spacer\">\n\t\t\t<div class=\"elementor-spacer-inner\"><\/div>\n\t\t<\/div>\n\t\t\t\t\t\t<\/div>\n\t\t\t\t<\/div>\n\t\t\t\t\t<\/div>\n\t\t<\/div>\n\t\t\t\t\t<\/div>\n\t\t<\/section>\n\t\t\t\t<section class=\"elementor-section elementor-top-section elementor-element elementor-element-4df04d17 rey-section-stretched rey-section-bg--classic elementor-section-boxed elementor-section-height-default elementor-section-height-default\" data-id=\"4df04d17\" data-element_type=\"section\" data-settings=\"{&quot;background_background&quot;:&quot;classic&quot;}\">\n\t\t\t\t\t\t<div class=\"elementor-container elementor-column-gap-default\">\n\t\t\t\t\t<div class=\"elementor-column elementor-col-50 elementor-top-column elementor-element elementor-element-53ef8927\" data-id=\"53ef8927\" data-element_type=\"column\">\n\t\t\t<div class=\"elementor-column-wrap--53ef8927 elementor-widget-wrap elementor-element-populated\">\n\t\t\t\t\t\t<div class=\"elementor-element elementor-element-491a5ab8 elementor-invisible elementor-widget elementor-widget-image\" data-id=\"491a5ab8\" data-element_type=\"widget\" data-settings=\"{&quot;_animation&quot;:&quot;fadeIn&quot;}\" data-widget_type=\"image.default\">\n\t\t\t\t<div class=\"elementor-widget-container\">\n\t\t\t\t\t\t\t\t\t\t\t\t\t\t\t<img fetchpriority=\"high\" decoding=\"async\" width=\"512\" height=\"640\" src=\"https:\/\/www.immolahaye.nl\/wp-content\/uploads\/2023\/01\/EE5E8F1D-D1B0-4BD9-9A37-C71662C6982D.jpg\" class=\"attachment-large size-large wp-image-1714\" alt=\"\" srcset=\"https:\/\/www.immolahaye.nl\/wp-content\/uploads\/2023\/01\/EE5E8F1D-D1B0-4BD9-9A37-C71662C6982D.jpg 512w, https:\/\/www.immolahaye.nl\/wp-content\/uploads\/2023\/01\/EE5E8F1D-D1B0-4BD9-9A37-C71662C6982D-240x300.jpg 240w\" sizes=\"(max-width: 512px) 100vw, 512px\" \/>\t\t\t\t\t\t\t\t\t\t\t\t\t\t\t<\/div>\n\t\t\t\t<\/div>\n\t\t\t\t<div class=\"elementor-element elementor-element-390eccc1 elementor-invisible elementor-widget elementor-widget-image\" data-id=\"390eccc1\" data-element_type=\"widget\" data-settings=\"{&quot;_animation&quot;:&quot;fadeIn&quot;,&quot;motion_fx_motion_fx_scrolling&quot;:&quot;yes&quot;,&quot;motion_fx_translateY_effect&quot;:&quot;yes&quot;,&quot;motion_fx_translateY_speed&quot;:{&quot;unit&quot;:&quot;px&quot;,&quot;size&quot;:1,&quot;sizes&quot;:[]},&quot;motion_fx_translateY_affectedRange&quot;:{&quot;unit&quot;:&quot;%&quot;,&quot;size&quot;:&quot;&quot;,&quot;sizes&quot;:{&quot;start&quot;:0,&quot;end&quot;:100}},&quot;motion_fx_devices&quot;:[&quot;desktop&quot;,&quot;tablet&quot;,&quot;mobile&quot;]}\" data-widget_type=\"image.default\">\n\t\t\t\t<div class=\"elementor-widget-container\">\n\t\t\t\t\t\t\t\t\t\t\t\t\t\t\t<img decoding=\"async\" width=\"480\" height=\"640\" src=\"https:\/\/www.immolahaye.nl\/wp-content\/uploads\/2023\/01\/IMG_5858.jpg\" class=\"attachment-large size-large wp-image-1716\" alt=\"\" srcset=\"https:\/\/www.immolahaye.nl\/wp-content\/uploads\/2023\/01\/IMG_5858.jpg 480w, https:\/\/www.immolahaye.nl\/wp-content\/uploads\/2023\/01\/IMG_5858-225x300.jpg 225w\" sizes=\"(max-width: 480px) 100vw, 480px\" \/>\t\t\t\t\t\t\t\t\t\t\t\t\t\t\t<\/div>\n\t\t\t\t<\/div>\n\t\t\t\t<div class=\"elementor-element elementor-element-e17d2f3 elementor-invisible elementor-widget elementor-widget-image\" data-id=\"e17d2f3\" data-element_type=\"widget\" data-settings=\"{&quot;_animation&quot;:&quot;fadeIn&quot;,&quot;motion_fx_motion_fx_scrolling&quot;:&quot;yes&quot;,&quot;motion_fx_translateY_effect&quot;:&quot;yes&quot;,&quot;motion_fx_translateY_speed&quot;:{&quot;unit&quot;:&quot;px&quot;,&quot;size&quot;:1,&quot;sizes&quot;:[]},&quot;motion_fx_translateY_affectedRange&quot;:{&quot;unit&quot;:&quot;%&quot;,&quot;size&quot;:&quot;&quot;,&quot;sizes&quot;:{&quot;start&quot;:0,&quot;end&quot;:100}},&quot;motion_fx_devices&quot;:[&quot;desktop&quot;,&quot;tablet&quot;,&quot;mobile&quot;]}\" data-widget_type=\"image.default\">\n\t\t\t\t<div class=\"elementor-widget-container\">\n\t\t\t\t\t\t\t\t\t\t\t\t\t\t\t<img decoding=\"async\" width=\"771\" height=\"1024\" src=\"https:\/\/www.immolahaye.nl\/wp-content\/uploads\/2024\/05\/foto-Jasper-1-771x1024.jpg\" class=\"attachment-large size-large wp-image-5723\" alt=\"\" srcset=\"https:\/\/www.immolahaye.nl\/wp-content\/uploads\/2024\/05\/foto-Jasper-1-771x1024.jpg 771w, https:\/\/www.immolahaye.nl\/wp-content\/uploads\/2024\/05\/foto-Jasper-1-226x300.jpg 226w, https:\/\/www.immolahaye.nl\/wp-content\/uploads\/2024\/05\/foto-Jasper-1-768x1019.jpg 768w, https:\/\/www.immolahaye.nl\/wp-content\/uploads\/2024\/05\/foto-Jasper-1.jpg 904w\" sizes=\"(max-width: 771px) 100vw, 771px\" \/>\t\t\t\t\t\t\t\t\t\t\t\t\t\t\t<\/div>\n\t\t\t\t<\/div>\n\t\t\t\t\t<\/div>\n\t\t<\/div>\n\t\t\t\t<div class=\"elementor-column elementor-col-50 elementor-top-column elementor-element elementor-element-6a428078\" data-id=\"6a428078\" data-element_type=\"column\">\n\t\t\t<div class=\"elementor-column-wrap--6a428078 elementor-widget-wrap elementor-element-populated\">\n\t\t\t\t\t\t<div class=\"elementor-element elementor-element-390f408b elementor-widget elementor-widget-heading\" data-id=\"390f408b\" data-element_type=\"widget\" data-widget_type=\"heading.default\">\n\t\t\t\t<div class=\"elementor-widget-container\">\n\t\t\t\t\t<h2 class=\"elementor-heading-title elementor-size-default\">Nous sommes Mireille Bosscher et L\u00e9o Rog !<\/h2>\t\t\t\t<\/div>\n\t\t\t\t<\/div>\n\t\t\t\t<div class=\"elementor-element elementor-element-c411999 elementor-widget elementor-widget-heading\" data-id=\"c411999\" data-element_type=\"widget\" data-widget_type=\"heading.default\">\n\t\t\t\t<div class=\"elementor-widget-container\">\n\t\t\t\t\t<h4 class=\"elementor-heading-title elementor-size-default\">Notre amour pour la France est n\u00e9 du calme et de la tranquillit\u00e9 que nous y vivons<\/h4>\t\t\t\t<\/div>\n\t\t\t\t<\/div>\n\t\t\t\t<div class=\"elementor-element elementor-element-100ee897 elementor-widget elementor-widget-text-editor\" data-id=\"100ee897\" data-element_type=\"widget\" data-widget_type=\"text-editor.default\">\n\t\t\t\t<div class=\"elementor-widget-container\">\n\t\t\t\t\t\t\t\t\t<p>Le temps semble souvent s&rsquo;\u00eatre arr\u00eat\u00e9, surtout \u00e0 la campagne. Un environnement id\u00e9al pour recharger la batterie et profiter de la belle vie.<br>Nous appr\u00e9cions beaucoup la cuisine fran\u00e7aise, les bonnes conversations avec nos amis fran\u00e7ais, et nous appr\u00e9cions aussi beaucoup la musique fran\u00e7aise. <br>Depuis 17 ans, Mireille s&rsquo;est sp\u00e9cialis\u00e9e en tant que candidat notaire en droit notarial et fiscal fran\u00e7ais, conseillant de nombreux clients et r\u00e9digeant de nombreuses chroniques pr\u00e9sentant des faits int\u00e9ressants sur le droit fran\u00e7ais.<br>L\u00e9o Rog est sp\u00e9cialis\u00e9 dans la finance depuis de nombreuses ann\u00e9es.<br>Nous sommes tous les deux agents immobiliers pour la France depuis 2022, ensemble nous souhaitons r\u00e9aliser les r\u00eaves des lecteurs.&nbsp;Le soutien administratif est assur\u00e9 par Jasper Buurke, \u00e9tudiant.<\/p>\t\t\t\t\t\t\t\t<\/div>\n\t\t\t\t<\/div>\n\t\t\t\t\t<\/div>\n\t\t<\/div>\n\t\t\t\t\t<\/div>\n\t\t<\/section>\n\t\t\t\t<section class=\"elementor-section elementor-top-section elementor-element elementor-element-c7a3dd8 rey-section-stretched rey-section-bg--classic elementor-section-boxed elementor-section-height-default elementor-section-height-default\" data-id=\"c7a3dd8\" data-element_type=\"section\" data-settings=\"{&quot;background_background&quot;:&quot;classic&quot;}\">\n\t\t\t\t\t\t\t<div class=\"elementor-background-overlay\"><\/div>\n\t\t\t\t\t\t\t<div class=\"elementor-container elementor-column-gap-default\">\n\t\t\t\t\t<div class=\"elementor-column elementor-col-100 elementor-top-column elementor-element elementor-element-0999b10\" data-id=\"0999b10\" data-element_type=\"column\">\n\t\t\t<div class=\"elementor-column-wrap--0999b10 elementor-widget-wrap elementor-element-populated\">\n\t\t\t\t\t\t<div class=\"elementor-element elementor-element-4843a0a elementor-widget__width-initial elementor-widget elementor-widget-heading\" data-id=\"4843a0a\" data-element_type=\"widget\" data-widget_type=\"heading.default\">\n\t\t\t\t<div class=\"elementor-widget-container\">\n\t\t\t\t\t<h1 class=\"elementor-heading-title elementor-size-default\">Trouvez la maison de vos r\u00eaves<\/h1>\t\t\t\t<\/div>\n\t\t\t\t<\/div>\n\t\t\t\t<div class=\"elementor-element elementor-element-5f6be63 elementor-widget elementor-widget-spacer\" data-id=\"5f6be63\" data-element_type=\"widget\" data-widget_type=\"spacer.default\">\n\t\t\t\t<div class=\"elementor-widget-container\">\n\t\t\t\t\t\t\t<div class=\"elementor-spacer\">\n\t\t\t<div class=\"elementor-spacer-inner\"><\/div>\n\t\t<\/div>\n\t\t\t\t\t\t<\/div>\n\t\t\t\t<\/div>\n\t\t\t\t<div class=\"elementor-element elementor-element-86a3492 elementor-widget__width-initial elementor-widget elementor-widget-text-editor\" data-id=\"86a3492\" data-element_type=\"widget\" data-widget_type=\"text-editor.default\">\n\t\t\t\t<div class=\"elementor-widget-container\">\n\t\t\t\t\t\t\t\t\t<p>L&rsquo;achat d&rsquo;une maison est tout un processus.&nbsp;C\u2019est pourquoi les conseils juridiques et fiscaux sont d\u2019une grande importance.<\/p>\t\t\t\t\t\t\t\t<\/div>\n\t\t\t\t<\/div>\n\t\t\t\t<div class=\"elementor-element elementor-element-7dfa4f4 elementor-widget elementor-widget-spacer\" data-id=\"7dfa4f4\" data-element_type=\"widget\" data-widget_type=\"spacer.default\">\n\t\t\t\t<div class=\"elementor-widget-container\">\n\t\t\t\t\t\t\t<div class=\"elementor-spacer\">\n\t\t\t<div class=\"elementor-spacer-inner\"><\/div>\n\t\t<\/div>\n\t\t\t\t\t\t<\/div>\n\t\t\t\t<\/div>\n\t\t\t\t<div class=\"elementor-element elementor-element-a08f4cb elementor-widget__width-auto elementor-widget elementor-widget-button\" data-id=\"a08f4cb\" data-element_type=\"widget\" data-widget_type=\"button.default\">\n\t\t\t\t<div class=\"elementor-widget-container\">\n\t\t\t\t\t\t\t\t\t<div class=\"elementor-button-wrapper\">\n\t\t\t\t\t<a class=\"elementor-button elementor-button-link elementor-size-sm\" href=\"https:\/\/www.immolahaye.nl\/woningen\/\">\n\t\t\t\t\t\t<span class=\"elementor-button-content-wrapper\">\n\t\t\t\t\t\t\t\t\t<span class=\"elementor-button-text\">Voir l'offre<\/span>\n\t\t\t\t\t<\/span>\n\t\t\t\t\t<\/a>\n\t\t\t\t<\/div>\n\t\t\t\t\t\t\t\t<\/div>\n\t\t\t\t<\/div>\n\t\t\t\t\t<\/div>\n\t\t<\/div>\n\t\t\t\t\t<\/div>\n\t\t<\/section>\n\t\t\t\t<\/div>\n\t\t","protected":false},"excerpt":{"rendered":"<p>\u00c0 propos de Immo La Haye Nous sommes Mireille Bosscher et L\u00e9o Rog ! Notre amour pour la France est n\u00e9 du calme et de la tranquillit\u00e9 que nous y vivons Le temps semble souvent s&rsquo;\u00eatre arr\u00eat\u00e9, surtout \u00e0 la campagne. Un environnement id\u00e9al pour recharger la batterie et profiter de la belle vie.Nous appr\u00e9cions [&hellip;]<\/p>\n","protected":false},"author":1,"featured_media":0,"parent":0,"menu_order":0,"comment_status":"closed","ping_status":"closed","template":"","meta":{"_acf_changed":false,"footnotes":""},"class_list":["post-3299","page","type-page","status-publish","hentry"],"acf":[],"yoast_head":"<!-- This site is optimized with the Yoast SEO plugin v25.0 - https:\/\/yoast.com\/wordpress\/plugins\/seo\/ -->\n<title>\u00c0 propos de nous - Immo La Haye<\/title>\n<meta name=\"robots\" content=\"index, follow, max-snippet:-1, max-image-preview:large, max-video-preview:-1\" \/>\n<link rel=\"canonical\" href=\"https:\/\/www.immolahaye.nl\/fr\/a-propos-de-nous\/\" \/>\n<meta property=\"og:locale\" content=\"fr_FR\" \/>\n<meta property=\"og:type\" content=\"article\" \/>\n<meta property=\"og:title\" content=\"\u00c0 propos de nous - Immo La Haye\" \/>\n<meta property=\"og:description\" content=\"\u00c0 propos de Immo La Haye Nous sommes Mireille Bosscher et L\u00e9o Rog ! Notre amour pour la France est n\u00e9 du calme et de la tranquillit\u00e9 que nous y vivons Le temps semble souvent s&rsquo;\u00eatre arr\u00eat\u00e9, surtout \u00e0 la campagne. Un environnement id\u00e9al pour recharger la batterie et profiter de la belle vie.Nous appr\u00e9cions [&hellip;]\" \/>\n<meta property=\"og:url\" content=\"https:\/\/www.immolahaye.nl\/fr\/a-propos-de-nous\/\" \/>\n<meta property=\"og:site_name\" content=\"Immo La Haye\" \/>\n<meta property=\"article:modified_time\" content=\"2024-07-09T12:45:39+00:00\" \/>\n<meta property=\"og:image\" content=\"https:\/\/www.immolahaye.nl\/wp-content\/uploads\/2023\/01\/EE5E8F1D-D1B0-4BD9-9A37-C71662C6982D.jpg\" \/>\n<meta name=\"twitter:card\" content=\"summary_large_image\" \/>\n<meta name=\"twitter:label1\" content=\"Dur\u00e9e de lecture estim\u00e9e\" \/>\n\t<meta name=\"twitter:data1\" content=\"2 minutes\" \/>\n<script type=\"application\/ld+json\" class=\"yoast-schema-graph\">{\"@context\":\"https:\/\/schema.org\",\"@graph\":[{\"@type\":\"WebPage\",\"@id\":\"https:\/\/www.immolahaye.nl\/fr\/a-propos-de-nous\/\",\"url\":\"https:\/\/www.immolahaye.nl\/fr\/a-propos-de-nous\/\",\"name\":\"\u00c0 propos de nous - Immo La Haye\",\"isPartOf\":{\"@id\":\"https:\/\/www.immolahaye.nl\/#website\"},\"primaryImageOfPage\":{\"@id\":\"https:\/\/www.immolahaye.nl\/fr\/a-propos-de-nous\/#primaryimage\"},\"image\":{\"@id\":\"https:\/\/www.immolahaye.nl\/fr\/a-propos-de-nous\/#primaryimage\"},\"thumbnailUrl\":\"https:\/\/www.immolahaye.nl\/wp-content\/uploads\/2023\/01\/EE5E8F1D-D1B0-4BD9-9A37-C71662C6982D.jpg\",\"datePublished\":\"2023-01-15T13:55:54+00:00\",\"dateModified\":\"2024-07-09T12:45:39+00:00\",\"breadcrumb\":{\"@id\":\"https:\/\/www.immolahaye.nl\/fr\/a-propos-de-nous\/#breadcrumb\"},\"inLanguage\":\"fr-FR\",\"potentialAction\":[{\"@type\":\"ReadAction\",\"target\":[\"https:\/\/www.immolahaye.nl\/fr\/a-propos-de-nous\/\"]}]},{\"@type\":\"ImageObject\",\"inLanguage\":\"fr-FR\",\"@id\":\"https:\/\/www.immolahaye.nl\/fr\/a-propos-de-nous\/#primaryimage\",\"url\":\"https:\/\/www.immolahaye.nl\/wp-content\/uploads\/2023\/01\/EE5E8F1D-D1B0-4BD9-9A37-C71662C6982D.jpg\",\"contentUrl\":\"https:\/\/www.immolahaye.nl\/wp-content\/uploads\/2023\/01\/EE5E8F1D-D1B0-4BD9-9A37-C71662C6982D.jpg\"},{\"@type\":\"BreadcrumbList\",\"@id\":\"https:\/\/www.immolahaye.nl\/fr\/a-propos-de-nous\/#breadcrumb\",\"itemListElement\":[{\"@type\":\"ListItem\",\"position\":1,\"name\":\"Home\",\"item\":\"https:\/\/www.immolahaye.nl\/fr\/\"},{\"@type\":\"ListItem\",\"position\":2,\"name\":\"\u00c0 propos de nous\"}]},{\"@type\":\"WebSite\",\"@id\":\"https:\/\/www.immolahaye.nl\/#website\",\"url\":\"https:\/\/www.immolahaye.nl\/\",\"name\":\"Immo La Haye\",\"description\":\"Vastgoedbemiddeling en juridisch advies in Frankrijk\",\"publisher\":{\"@id\":\"https:\/\/www.immolahaye.nl\/#organization\"},\"potentialAction\":[{\"@type\":\"SearchAction\",\"target\":{\"@type\":\"EntryPoint\",\"urlTemplate\":\"https:\/\/www.immolahaye.nl\/?s={search_term_string}\"},\"query-input\":{\"@type\":\"PropertyValueSpecification\",\"valueRequired\":true,\"valueName\":\"search_term_string\"}}],\"inLanguage\":\"fr-FR\"},{\"@type\":\"Organization\",\"@id\":\"https:\/\/www.immolahaye.nl\/#organization\",\"name\":\"Immo La Haye\",\"url\":\"https:\/\/www.immolahaye.nl\/\",\"logo\":{\"@type\":\"ImageObject\",\"inLanguage\":\"fr-FR\",\"@id\":\"https:\/\/www.immolahaye.nl\/#\/schema\/logo\/image\/\",\"url\":\"https:\/\/www.immolahaye.nl\/wp-content\/uploads\/2023\/01\/Logo-Immo-la-Haye-slogan_FC.svg\",\"contentUrl\":\"https:\/\/www.immolahaye.nl\/wp-content\/uploads\/2023\/01\/Logo-Immo-la-Haye-slogan_FC.svg\",\"caption\":\"Immo La Haye\"},\"image\":{\"@id\":\"https:\/\/www.immolahaye.nl\/#\/schema\/logo\/image\/\"}}]}<\/script>\n<!-- \/ Yoast SEO plugin. -->","yoast_head_json":{"title":"\u00c0 propos de nous - Immo La Haye","robots":{"index":"index","follow":"follow","max-snippet":"max-snippet:-1","max-image-preview":"max-image-preview:large","max-video-preview":"max-video-preview:-1"},"canonical":"https:\/\/www.immolahaye.nl\/fr\/a-propos-de-nous\/","og_locale":"fr_FR","og_type":"article","og_title":"\u00c0 propos de nous - Immo La Haye","og_description":"\u00c0 propos de Immo La Haye Nous sommes Mireille Bosscher et L\u00e9o Rog ! Notre amour pour la France est n\u00e9 du calme et de la tranquillit\u00e9 que nous y vivons Le temps semble souvent s&rsquo;\u00eatre arr\u00eat\u00e9, surtout \u00e0 la campagne. Un environnement id\u00e9al pour recharger la batterie et profiter de la belle vie.Nous appr\u00e9cions [&hellip;]","og_url":"https:\/\/www.immolahaye.nl\/fr\/a-propos-de-nous\/","og_site_name":"Immo La Haye","article_modified_time":"2024-07-09T12:45:39+00:00","og_image":[{"url":"https:\/\/www.immolahaye.nl\/wp-content\/uploads\/2023\/01\/EE5E8F1D-D1B0-4BD9-9A37-C71662C6982D.jpg","type":"","width":"","height":""}],"twitter_card":"summary_large_image","twitter_misc":{"Dur\u00e9e de lecture estim\u00e9e":"2 minutes"},"schema":{"@context":"https:\/\/schema.org","@graph":[{"@type":"WebPage","@id":"https:\/\/www.immolahaye.nl\/fr\/a-propos-de-nous\/","url":"https:\/\/www.immolahaye.nl\/fr\/a-propos-de-nous\/","name":"\u00c0 propos de nous - Immo La Haye","isPartOf":{"@id":"https:\/\/www.immolahaye.nl\/#website"},"primaryImageOfPage":{"@id":"https:\/\/www.immolahaye.nl\/fr\/a-propos-de-nous\/#primaryimage"},"image":{"@id":"https:\/\/www.immolahaye.nl\/fr\/a-propos-de-nous\/#primaryimage"},"thumbnailUrl":"https:\/\/www.immolahaye.nl\/wp-content\/uploads\/2023\/01\/EE5E8F1D-D1B0-4BD9-9A37-C71662C6982D.jpg","datePublished":"2023-01-15T13:55:54+00:00","dateModified":"2024-07-09T12:45:39+00:00","breadcrumb":{"@id":"https:\/\/www.immolahaye.nl\/fr\/a-propos-de-nous\/#breadcrumb"},"inLanguage":"fr-FR","potentialAction":[{"@type":"ReadAction","target":["https:\/\/www.immolahaye.nl\/fr\/a-propos-de-nous\/"]}]},{"@type":"ImageObject","inLanguage":"fr-FR","@id":"https:\/\/www.immolahaye.nl\/fr\/a-propos-de-nous\/#primaryimage","url":"https:\/\/www.immolahaye.nl\/wp-content\/uploads\/2023\/01\/EE5E8F1D-D1B0-4BD9-9A37-C71662C6982D.jpg","contentUrl":"https:\/\/www.immolahaye.nl\/wp-content\/uploads\/2023\/01\/EE5E8F1D-D1B0-4BD9-9A37-C71662C6982D.jpg"},{"@type":"BreadcrumbList","@id":"https:\/\/www.immolahaye.nl\/fr\/a-propos-de-nous\/#breadcrumb","itemListElement":[{"@type":"ListItem","position":1,"name":"Home","item":"https:\/\/www.immolahaye.nl\/fr\/"},{"@type":"ListItem","position":2,"name":"\u00c0 propos de nous"}]},{"@type":"WebSite","@id":"https:\/\/www.immolahaye.nl\/#website","url":"https:\/\/www.immolahaye.nl\/","name":"Immo La Haye","description":"Vastgoedbemiddeling en juridisch advies in Frankrijk","publisher":{"@id":"https:\/\/www.immolahaye.nl\/#organization"},"potentialAction":[{"@type":"SearchAction","target":{"@type":"EntryPoint","urlTemplate":"https:\/\/www.immolahaye.nl\/?s={search_term_string}"},"query-input":{"@type":"PropertyValueSpecification","valueRequired":true,"valueName":"search_term_string"}}],"inLanguage":"fr-FR"},{"@type":"Organization","@id":"https:\/\/www.immolahaye.nl\/#organization","name":"Immo La Haye","url":"https:\/\/www.immolahaye.nl\/","logo":{"@type":"ImageObject","inLanguage":"fr-FR","@id":"https:\/\/www.immolahaye.nl\/#\/schema\/logo\/image\/","url":"https:\/\/www.immolahaye.nl\/wp-content\/uploads\/2023\/01\/Logo-Immo-la-Haye-slogan_FC.svg","contentUrl":"https:\/\/www.immolahaye.nl\/wp-content\/uploads\/2023\/01\/Logo-Immo-la-Haye-slogan_FC.svg","caption":"Immo La Haye"},"image":{"@id":"https:\/\/www.immolahaye.nl\/#\/schema\/logo\/image\/"}}]}},"_links":{"self":[{"href":"https:\/\/www.immolahaye.nl\/fr\/wp-json\/wp\/v2\/pages\/3299","targetHints":{"allow":["GET"]}}],"collection":[{"href":"https:\/\/www.immolahaye.nl\/fr\/wp-json\/wp\/v2\/pages"}],"about":[{"href":"https:\/\/www.immolahaye.nl\/fr\/wp-json\/wp\/v2\/types\/page"}],"author":[{"embeddable":true,"href":"https:\/\/www.immolahaye.nl\/fr\/wp-json\/wp\/v2\/users\/1"}],"replies":[{"embeddable":true,"href":"https:\/\/www.immolahaye.nl\/fr\/wp-json\/wp\/v2\/comments?post=3299"}],"version-history":[{"count":15,"href":"https:\/\/www.immolahaye.nl\/fr\/wp-json\/wp\/v2\/pages\/3299\/revisions"}],"predecessor-version":[{"id":6388,"href":"https:\/\/www.immolahaye.nl\/fr\/wp-json\/wp\/v2\/pages\/3299\/revisions\/6388"}],"wp:attachment":[{"href":"https:\/\/www.immolahaye.nl\/fr\/wp-json\/wp\/v2\/media?parent=3299"}],"curies":[{"name":"wp","href":"https:\/\/api.w.org\/{rel}","templated":true}]}}